{"id":314,"date":"2022-11-16T13:55:31","date_gmt":"2022-11-16T13:55:31","guid":{"rendered":"https:\/\/paymentsv2-live-demo.montonio.com\/product\/bluza-z-kapturem-montonio\/"},"modified":"2022-11-16T13:55:31","modified_gmt":"2022-11-16T13:55:31","slug":"bluza-z-logo","status":"publish","type":"product","link":"https:\/\/paymentsv2-live-demo.montonio.com\/pl\/produkt\/bluza-z-logo\/","title":{"rendered":"Bluza z kapturem Montonio"},"content":{"rendered":"<p>Bluza z dzianiny dresowej z mieszanki zawieraj\u0105cej bawe\u0142n\u0119.<\/p>\n","protected":false},"excerpt":{"rendered":"<p>To jest prosty produkt.<\/p>\n","protected":false},"featured_media":286,"comment_status":"open","ping_status":"closed","template":"","meta":[],"product_brand":[],"product_cat":[58],"product_tag":[],"class_list":{"0":"post-314","1":"product","2":"type-product","3":"status-publish","4":"has-post-thumbnail","6":"product_cat-bluza","8":"first","9":"instock","10":"shipping-taxable","11":"purchasable","12":"product-type-simple"},"_links":{"self":[{"href":"https:\/\/paymentsv2-live-demo.montonio.com\/pl\/wp-json\/wp\/v2\/product\/314","targetHints":{"allow":["GET"]}}],"collection":[{"href":"https:\/\/paymentsv2-live-demo.montonio.com\/pl\/wp-json\/wp\/v2\/product"}],"about":[{"href":"https:\/\/paymentsv2-live-demo.montonio.com\/pl\/wp-json\/wp\/v2\/types\/product"}],"replies":[{"embeddable":true,"href":"https:\/\/paymentsv2-live-demo.montonio.com\/pl\/wp-json\/wp\/v2\/comments?post=314"}],"wp:featuredmedia":[{"embeddable":true,"href":"https:\/\/paymentsv2-live-demo.montonio.com\/pl\/wp-json\/wp\/v2\/media\/286"}],"wp:attachment":[{"href":"https:\/\/paymentsv2-live-demo.montonio.com\/pl\/wp-json\/wp\/v2\/media?parent=314"}],"wp:term":[{"taxonomy":"product_brand","embeddable":true,"href":"https:\/\/paymentsv2-live-demo.montonio.com\/pl\/wp-json\/wp\/v2\/product_brand?post=314"},{"taxonomy":"product_cat","embeddable":true,"href":"https:\/\/paymentsv2-live-demo.montonio.com\/pl\/wp-json\/wp\/v2\/product_cat?post=314"},{"taxonomy":"product_tag","embeddable":true,"href":"https:\/\/paymentsv2-live-demo.montonio.com\/pl\/wp-json\/wp\/v2\/product_tag?post=314"}],"curies":[{"name":"wp","href":"https:\/\/api.w.org\/{rel}","templated":true}]}}